{"id":599,"date":"2020-01-21T14:36:20","date_gmt":"2020-01-21T14:36:20","guid":{"rendered":"http:\/\/gt3-multisite.loc\/qulo\/?page_id=599"},"modified":"2025-01-14T16:25:24","modified_gmt":"2025-01-14T16:25:24","slug":"contact","status":"publish","type":"page","link":"https:\/\/drbea.rs\/sr\/contact\/","title":{"rendered":"KONTAKT"},"content":{"rendered":"<div data-elementor-type=\"wp-page\" data-elementor-id=\"599\" class=\"elementor elementor-599\">\n\t\t\t\t\t\t<section class=\"elementor-section elementor-top-section elementor-element elementor-element-8dad468 elementor-section-boxed elementor-section-height-default elementor-section-height-default\" data-id=\"8dad468\" data-element_type=\"section\">\n\t\t\t\t\t\t<div class=\"elementor-container elementor-column-gap-default\">\n\t\t\t\t\t<div class=\"elementor-column elementor-col-100 elementor-top-column elementor-element elementor-element-8a05e93\" data-id=\"8a05e93\" data-element_type=\"column\">\n\t\t\t<div class=\"elementor-widget-wrap elementor-element-populated\">\n\t\t\t\t\t\t<div class=\"elementor-element elementor-element-b26218b elementor-widget elementor-widget-image\" data-id=\"b26218b\" data-element_type=\"widget\" data-widget_type=\"image.default\">\n\t\t\t\t<div class=\"elementor-widget-container\">\n\t\t\t\t\t\t\t\t\t\t\t\t\t\t\t<img decoding=\"async\" src=\"https:\/\/drbea.rs\/wp-content\/uploads\/elementor\/thumbs\/cropped-favicon-puyf5jcjd5409kvx1f03cg8p321fn9gecljg23tbdc.png\" title=\"cropped-favicon.png\" alt=\"cropped-favicon.png\" loading=\"lazy\" \/>\t\t\t\t\t\t\t\t\t\t\t\t\t\t\t<\/div>\n\t\t\t\t<\/div>\n\t\t\t\t<div class=\"elementor-element elementor-element-232ca8f elementor-widget elementor-widget-heading\" data-id=\"232ca8f\" data-element_type=\"widget\" data-widget_type=\"heading.default\">\n\t\t\t\t<div class=\"elementor-widget-container\">\n\t\t\t\t\t<h4 class=\"elementor-heading-title elementor-size-default\">Dr Bea Esth\u00e9tique<\/h4>\t\t\t\t<\/div>\n\t\t\t\t<\/div>\n\t\t\t\t<div class=\"elementor-element elementor-element-a946c62 elementor-widget elementor-widget-heading\" data-id=\"a946c62\" data-element_type=\"widget\" data-widget_type=\"heading.default\">\n\t\t\t\t<div class=\"elementor-widget-container\">\n\t\t\t\t\t<h2 class=\"elementor-heading-title elementor-size-default\">Zaka\u017eite konsultacije <\/h2>\t\t\t\t<\/div>\n\t\t\t\t<\/div>\n\t\t\t\t<div class=\"elementor-element-custom_font_size elementor-element elementor-element-2381e98 elementor-widget elementor-widget-text-editor\" data-id=\"2381e98\" data-element_type=\"widget\" data-widget_type=\"text-editor.default\">\n\t\t\t\t<div class=\"elementor-widget-container\">\n\t\t\t\t\t\t\t\t\t<p>Pre bilo koje estetske procedure neophodno je da do\u0111ete na konsultacije\nkako bismo kroz razgovor na\u0161li najbolje re\u0161enje ba\u0161 za Vas.\u00a0<\/p>\t\t\t\t\t\t\t\t<\/div>\n\t\t\t\t<\/div>\n\t\t\t\t<div class=\"elementor-element elementor-element-dea1a53 elementor-widget elementor-widget-spacer\" data-id=\"dea1a53\" data-element_type=\"widget\" data-widget_type=\"spacer.default\">\n\t\t\t\t<div class=\"elementor-widget-container\">\n\t\t\t\t\t\t\t<div class=\"elementor-spacer\">\n\t\t\t<div class=\"elementor-spacer-inner\"><\/div>\n\t\t<\/div>\n\t\t\t\t\t\t<\/div>\n\t\t\t\t<\/div>\n\t\t\t\t\t<\/div>\n\t\t<\/div>\n\t\t\t\t\t<\/div>\n\t\t<\/section>\n\t\t\t\t<section class=\"elementor-section elementor-top-section elementor-element elementor-element-bad7582 elementor-section-full_width elementor-section-height-min-height elementor-section-items-top elementor-section-content-top elementor-section-height-default\" data-id=\"bad7582\" data-element_type=\"section\">\n\t\t\t\t\t\t<div class=\"elementor-container elementor-column-gap-default\">\n\t\t\t\t\t<div class=\"elementor-column elementor-col-100 elementor-top-column elementor-element elementor-element-6781df3\" data-id=\"6781df3\" data-element_type=\"column\">\n\t\t\t<div class=\"elementor-widget-wrap elementor-element-populated\">\n\t\t\t\t\t\t<div class=\"elementor-element elementor-element-5163c6d elementor-widget__width-auto elementor-vertical-align-middle elementor-widget elementor-widget-image-box\" data-id=\"5163c6d\" data-element_type=\"widget\" data-widget_type=\"image-box.default\">\n\t\t\t\t<div class=\"elementor-widget-container\">\n\t\t\t\t\t<div class=\"elementor-image-box-wrapper\"><div class=\"elementor-image-box-content\"><h5 class=\"elementor-image-box-title\"><a href=\"tel:+38166061611\">PHONE ANTI - AGING MEDICINE: <\/a><\/h5><p class=\"elementor-image-box-description\">+381 (0) 66 06 16 11<\/p><\/div><\/div>\t\t\t\t<\/div>\n\t\t\t\t<\/div>\n\t\t\t\t<div class=\"elementor-element elementor-element-e3b450f elementor-widget elementor-widget-spacer\" data-id=\"e3b450f\" data-element_type=\"widget\" data-widget_type=\"spacer.default\">\n\t\t\t\t<div class=\"elementor-widget-container\">\n\t\t\t\t\t\t\t<div class=\"elementor-spacer\">\n\t\t\t<div class=\"elementor-spacer-inner\"><\/div>\n\t\t<\/div>\n\t\t\t\t\t\t<\/div>\n\t\t\t\t<\/div>\n\t\t\t\t<div class=\"elementor-element elementor-element-941679e elementor-widget__width-auto elementor-vertical-align-middle elementor-widget elementor-widget-image-box\" data-id=\"941679e\" data-element_type=\"widget\" data-widget_type=\"image-box.default\">\n\t\t\t\t<div class=\"elementor-widget-container\">\n\t\t\t\t\t<div class=\"elementor-image-box-wrapper\"><div class=\"elementor-image-box-content\"><h5 class=\"elementor-image-box-title\"><a href=\"tel:+38163449912\">PHONE DENTISTRY: <\/a><\/h5><p class=\"elementor-image-box-description\">+381 (0) 63 44 99 12\n<\/p><\/div><\/div>\t\t\t\t<\/div>\n\t\t\t\t<\/div>\n\t\t\t\t<div class=\"elementor-element elementor-element-49f6cbf elementor-widget elementor-widget-spacer\" data-id=\"49f6cbf\" data-element_type=\"widget\" data-widget_type=\"spacer.default\">\n\t\t\t\t<div class=\"elementor-widget-container\">\n\t\t\t\t\t\t\t<div class=\"elementor-spacer\">\n\t\t\t<div class=\"elementor-spacer-inner\"><\/div>\n\t\t<\/div>\n\t\t\t\t\t\t<\/div>\n\t\t\t\t<\/div>\n\t\t\t\t<div class=\"elementor-element elementor-element-a3572b1 elementor-widget__width-auto elementor-vertical-align-top elementor-widget elementor-widget-image-box\" data-id=\"a3572b1\" data-element_type=\"widget\" data-widget_type=\"image-box.default\">\n\t\t\t\t<div class=\"elementor-widget-container\">\n\t\t\t\t\t<div class=\"elementor-image-box-wrapper\"><div class=\"elementor-image-box-content\"><h5 class=\"elementor-image-box-title\"><a href=\"\">Adresa: <\/a><\/h5><p class=\"elementor-image-box-description\">D\u017eord\u017ea Va\u0161ingtona 46 Beograd<\/p><\/div><\/div>\t\t\t\t<\/div>\n\t\t\t\t<\/div>\n\t\t\t\t<div class=\"elementor-element elementor-element-36e3e3e elementor-widget elementor-widget-spacer\" data-id=\"36e3e3e\" data-element_type=\"widget\" data-widget_type=\"spacer.default\">\n\t\t\t\t<div class=\"elementor-widget-container\">\n\t\t\t\t\t\t\t<div class=\"elementor-spacer\">\n\t\t\t<div class=\"elementor-spacer-inner\"><\/div>\n\t\t<\/div>\n\t\t\t\t\t\t<\/div>\n\t\t\t\t<\/div>\n\t\t\t\t<div class=\"elementor-element elementor-element-0dfa5d3 elementor-widget__width-auto elementor-vertical-align-top elementor-widget elementor-widget-image-box\" data-id=\"0dfa5d3\" data-element_type=\"widget\" data-widget_type=\"image-box.default\">\n\t\t\t\t<div class=\"elementor-widget-container\">\n\t\t\t\t\t<div class=\"elementor-image-box-wrapper\"><div class=\"elementor-image-box-content\"><h5 class=\"elementor-image-box-title\"><a href=\"\">Email:<\/a><\/h5><p class=\"elementor-image-box-description\">dr.bea.esthetique@gmail.com<\/p><\/div><\/div>\t\t\t\t<\/div>\n\t\t\t\t<\/div>\n\t\t\t\t<div class=\"elementor-element elementor-element-a4ca1d5 elementor-widget elementor-widget-spacer\" data-id=\"a4ca1d5\" data-element_type=\"widget\" data-widget_type=\"spacer.default\">\n\t\t\t\t<div class=\"elementor-widget-container\">\n\t\t\t\t\t\t\t<div class=\"elementor-spacer\">\n\t\t\t<div class=\"elementor-spacer-inner\"><\/div>\n\t\t<\/div>\n\t\t\t\t\t\t<\/div>\n\t\t\t\t<\/div>\n\t\t\t\t<div class=\"elementor-element elementor-element-bb5a4e5 elementor-shape-rounded elementor-grid-0 e-grid-align-center elementor-widget elementor-widget-social-icons\" data-id=\"bb5a4e5\" data-element_type=\"widget\" data-widget_type=\"social-icons.default\">\n\t\t\t\t<div class=\"elementor-widget-container\">\n\t\t\t\t\t\t\t<div class=\"elementor-social-icons-wrapper elementor-grid\" role=\"list\">\n\t\t\t\t\t\t\t<span class=\"elementor-grid-item\" role=\"listitem\">\n\t\t\t\t\t<a class=\"elementor-icon elementor-social-icon elementor-social-icon-facebook elementor-repeater-item-5a925db\" href=\"https:\/\/www.facebook.com\/profile.php?id=100063773724852\" target=\"_blank\">\n\t\t\t\t\t\t<span class=\"elementor-screen-only\">Facebook<\/span>\n\t\t\t\t\t\t<i aria-hidden=\"true\" class=\"fab fa-facebook\"><\/i>\t\t\t\t\t<\/a>\n\t\t\t\t<\/span>\n\t\t\t\t\t\t\t<span class=\"elementor-grid-item\" role=\"listitem\">\n\t\t\t\t\t<a class=\"elementor-icon elementor-social-icon elementor-social-icon-instagram elementor-repeater-item-7a84433\" href=\"https:\/\/www.instagram.com\/drbeaesthetique\/\" target=\"_blank\">\n\t\t\t\t\t\t<span class=\"elementor-screen-only\">Instagram<\/span>\n\t\t\t\t\t\t<i aria-hidden=\"true\" class=\"fab fa-instagram\"><\/i>\t\t\t\t\t<\/a>\n\t\t\t\t<\/span>\n\t\t\t\t\t\t\t<span class=\"elementor-grid-item\" role=\"listitem\">\n\t\t\t\t\t<a class=\"elementor-icon elementor-social-icon elementor-social-icon-youtube elementor-repeater-item-1aa09e7\" href=\"https:\/\/www.youtube.com\/@DrBeaEsthetique\" target=\"_blank\">\n\t\t\t\t\t\t<span class=\"elementor-screen-only\">Youtube<\/span>\n\t\t\t\t\t\t<i aria-hidden=\"true\" class=\"fab fa-youtube\"><\/i>\t\t\t\t\t<\/a>\n\t\t\t\t<\/span>\n\t\t\t\t\t<\/div>\n\t\t\t\t\t\t<\/div>\n\t\t\t\t<\/div>\n\t\t\t\t<div class=\"elementor-element elementor-element-a429caa elementor-widget elementor-widget-spacer\" data-id=\"a429caa\" data-element_type=\"widget\" data-widget_type=\"spacer.default\">\n\t\t\t\t<div class=\"elementor-widget-container\">\n\t\t\t\t\t\t\t<div class=\"elementor-spacer\">\n\t\t\t<div class=\"elementor-spacer-inner\"><\/div>\n\t\t<\/div>\n\t\t\t\t\t\t<\/div>\n\t\t\t\t<\/div>\n\t\t\t\t\t<\/div>\n\t\t<\/div>\n\t\t\t\t\t<\/div>\n\t\t<\/section>\n\t\t\t\t<section class=\"elementor-section elementor-top-section elementor-element elementor-element-5db58259 bea-about-us elementor-section-boxed elementor-section-height-default elementor-section-height-default\" data-id=\"5db58259\" data-element_type=\"section\" data-settings=\"{&quot;background_background&quot;:&quot;classic&quot;}\">\n\t\t\t\t\t\t<div class=\"elementor-container elementor-column-gap-default\">\n\t\t\t\t\t<div class=\"elementor-column elementor-col-66 elementor-top-column elementor-element elementor-element-721b33a9 bea-inner-1024\" data-id=\"721b33a9\" data-element_type=\"column\">\n\t\t\t<div class=\"elementor-widget-wrap elementor-element-populated\">\n\t\t\t\t\t\t<div class=\"elementor-element elementor-element-e1b3f8b elementor-widget elementor-widget-heading\" data-id=\"e1b3f8b\" data-element_type=\"widget\" data-widget_type=\"heading.default\">\n\t\t\t\t<div class=\"elementor-widget-container\">\n\t\t\t\t\t<h2 class=\"elementor-heading-title elementor-size-default\">Kako do nas  <\/h2>\t\t\t\t<\/div>\n\t\t\t\t<\/div>\n\t\t\t\t<div class=\"elementor-element-custom_font_size elementor-element elementor-element-c0b4c40 elementor-widget elementor-widget-text-editor\" data-id=\"c0b4c40\" data-element_type=\"widget\" data-widget_type=\"text-editor.default\">\n\t\t\t\t<div class=\"elementor-widget-container\">\n\t\t\t\t\t\t\t\t\t<p style=\"text-align: center;\"><strong>dr Bea Esth\u00e9tique<\/strong> ordinacija nalazi se u  samom centru grada, sa dva javna parkinga u neposrednoj blizini.\u00a0<\/p>\t\t\t\t\t\t\t\t<\/div>\n\t\t\t\t<\/div>\n\t\t\t\t<div class=\"elementor-element elementor-element-5417a64 elementor-widget elementor-widget-spacer\" data-id=\"5417a64\" data-element_type=\"widget\" data-widget_type=\"spacer.default\">\n\t\t\t\t<div class=\"elementor-widget-container\">\n\t\t\t\t\t\t\t<div class=\"elementor-spacer\">\n\t\t\t<div class=\"elementor-spacer-inner\"><\/div>\n\t\t<\/div>\n\t\t\t\t\t\t<\/div>\n\t\t\t\t<\/div>\n\t\t\t\t<div class=\"elementor-element elementor-element-f2a62a4 elementor-widget elementor-widget-html\" data-id=\"f2a62a4\" data-element_type=\"widget\" data-widget_type=\"html.default\">\n\t\t\t\t<div class=\"elementor-widget-container\">\n\t\t\t\t\t<iframe src=\"https:\/\/www.google.com\/maps\/embed?pb=!1m18!1m12!1m3!1d4002.688854395562!2d20.471499831180587!3d44.81487331612451!2m3!1f0!2f0!3f0!3m2!1i1024!2i768!4f13.1!3m3!1m2!1s0x475a7b430f19ff6d%3A0x472fa0708cd6075a!2sDr%20Bea%20Esth%C3%A9tique!5e0!3m2!1sen!2srs!4v1658869965751!5m2!1sen!2srs\" width=\"600\" height=\"450\" style=\"border:0;\" allowfullscreen=\"\" loading=\"lazy\" referrerpolicy=\"no-referrer-when-downgrade\"><\/iframe>\t\t\t\t<\/div>\n\t\t\t\t<\/div>\n\t\t\t\t\t<\/div>\n\t\t<\/div>\n\t\t\t\t<div class=\"elementor-column elementor-col-33 elementor-top-column elementor-element elementor-element-7ede1cf7 bea-inner-1024\" data-id=\"7ede1cf7\" data-element_type=\"column\">\n\t\t\t<div class=\"elementor-widget-wrap elementor-element-populated\">\n\t\t\t\t\t\t<div class=\"elementor-element elementor-element-abd9092 elementor-widget elementor-widget-spacer\" data-id=\"abd9092\" data-element_type=\"widget\" data-widget_type=\"spacer.default\">\n\t\t\t\t<div class=\"elementor-widget-container\">\n\t\t\t\t\t\t\t<div class=\"elementor-spacer\">\n\t\t\t<div class=\"elementor-spacer-inner\"><\/div>\n\t\t<\/div>\n\t\t\t\t\t\t<\/div>\n\t\t\t\t<\/div>\n\t\t\t\t<div class=\"elementor-element elementor-element-55976f8 elementor-widget elementor-widget-image\" data-id=\"55976f8\" data-element_type=\"widget\" data-widget_type=\"image.default\">\n\t\t\t\t<div class=\"elementor-widget-container\">\n\t\t\t\t\t\t\t\t\t\t\t\t\t\t\t<img decoding=\"async\" width=\"151\" height=\"177\" src=\"https:\/\/drbea.rs\/wp-content\/uploads\/2022\/08\/Parking-simbol.png\" class=\"attachment-1536x1536 size-1536x1536 wp-image-4676\" alt=\"Parking simbol\" title=\"Parking simbol\" \/>\t\t\t\t\t\t\t\t\t\t\t\t\t\t\t<\/div>\n\t\t\t\t<\/div>\n\t\t\t\t<div class=\"elementor-element-custom_font_size elementor-element elementor-element-11d4252 elementor-widget elementor-widget-text-editor\" data-id=\"11d4252\" data-element_type=\"widget\" data-widget_type=\"text-editor.default\">\n\t\t\t\t<div class=\"elementor-widget-container\">\n\t\t\t\t\t\t\t\t\t<p class=\"DUwDvf fontHeadlineLarge\" style=\"text-align: center;\"><strong><span jstcache=\"921\">Jvana gara\u017ea<\/span><\/strong><span jstcache=\"921\">, <\/span><span jstcache=\"921\">Palilulska pijaca<\/span><strong><span jstcache=\"921\"><br \/><\/span><\/strong><span jstcache=\"921\">Dobre Mitrovi\u0107a 47, Belgrade<\/span><strong><span jstcache=\"921\"><br \/><\/span><\/strong><\/p>\t\t\t\t\t\t\t\t<\/div>\n\t\t\t\t<\/div>\n\t\t\t\t<div class=\"elementor-element-custom_font_size elementor-element elementor-element-8d47c46 elementor-widget elementor-widget-text-editor\" data-id=\"8d47c46\" data-element_type=\"widget\" data-widget_type=\"text-editor.default\">\n\t\t\t\t<div class=\"elementor-widget-container\">\n\t\t\t\t\t\t\t\t\t<p style=\"text-align: center;\"><strong><span jstcache=\"921\">Jvana gara\u017ea<\/span><\/strong><span jstcache=\"921\">, <span>Botani\u010dka ba\u0161ta<\/span><\/span><strong><span jstcache=\"921\"><br \/><\/span><\/strong>Vojvode Dobrnjca 8, Belgrade<\/p>\t\t\t\t\t\t\t\t<\/div>\n\t\t\t\t<\/div>\n\t\t\t\t\t<\/div>\n\t\t<\/div>\n\t\t\t\t\t<\/div>\n\t\t<\/section>\n\t\t\t\t<\/div>","protected":false},"excerpt":{"rendered":"<p>Dr Bea Esth\u00e9tique Schedule a Consultation Before any aesthetic procedure, it is necessary to come for a consultation to find the best solution specifically for you.\u00a0 PHONE ANTI &#8211; AGING MEDICINE: +381 (0) 66 06 16 11 PHONE DENTISTRY: +381 (0) 63 44 99 12 ADDRESS: D\u017eord\u017ea Va\u0161ingtona 46 Beograd Email: dr.bea.esthetique@gmail.com Facebook Instagram Youtube [&hellip;]<\/p>","protected":false},"author":1,"featured_media":0,"parent":0,"menu_order":0,"comment_status":"closed","ping_status":"closed","template":"","meta":{"footnotes":""},"class_list":["post-599","page","type-page","status-publish","hentry"],"yoast_head":"<!-- This site is optimized with the Yoast SEO plugin v26.9 - https:\/\/yoast.com\/product\/yoast-seo-wordpress\/ -->\n<title>CONTACT | Dr Bea Esthetique<\/title>\n<meta name=\"description\" content=\"Pre bilo koje estetske procedure neophodno je da do\u0111ete na konsultacijekako bismo kroz razgovor na\u0161li najbolje re\u0161enje ba\u0161 za Vas.\" \/>\n<meta name=\"robots\" content=\"index, follow, max-snippet:-1, max-image-preview:large, max-video-preview:-1\" \/>\n<link rel=\"canonical\" href=\"https:\/\/drbea.rs\/sr\/contact\/\" \/>\n<meta property=\"og:locale\" content=\"sr_RS\" \/>\n<meta property=\"og:type\" content=\"article\" \/>\n<meta property=\"og:title\" content=\"Dr Bea Esth\u00e9tique - Kontakt\" \/>\n<meta property=\"og:description\" content=\"Pre bilo koje estetske procedure neophodno je da do\u0111ete na konsultacijekako bismo kroz razgovor na\u0161li najbolje re\u0161enje ba\u0161 za Vas.\" \/>\n<meta property=\"og:url\" content=\"https:\/\/drbea.rs\/sr\/contact\/\" \/>\n<meta property=\"og:site_name\" content=\"Dr Bea Esthetique\" \/>\n<meta property=\"article:publisher\" content=\"https:\/\/www.facebook.com\/bea.povignac\" \/>\n<meta property=\"article:modified_time\" content=\"2025-01-14T16:25:24+00:00\" \/>\n<meta property=\"og:image\" content=\"https:\/\/drbea.rs\/wp-content\/uploads\/2020\/09\/Znak-dr-Bea-vektori.png\" \/>\n\t<meta property=\"og:image:width\" content=\"870\" \/>\n\t<meta property=\"og:image:height\" content=\"902\" \/>\n\t<meta property=\"og:image:type\" content=\"image\/png\" \/>\n<meta name=\"twitter:label1\" content=\"\u041f\u0440\u043e\u0446\u0435\u045a\u0435\u043d\u043e \u0432\u0440\u0435\u043c\u0435 \u0447\u0438\u0442\u0430\u045a\u0430\" \/>\n\t<meta name=\"twitter:data1\" content=\"1 \u043c\u0438\u043d\u0443\u0442\" \/>\n<script type=\"application\/ld+json\" class=\"yoast-schema-graph\">{\"@context\":\"https:\/\/schema.org\",\"@graph\":[{\"@type\":\"WebPage\",\"@id\":\"https:\/\/drbea.rs\/contact\/\",\"url\":\"https:\/\/drbea.rs\/contact\/\",\"name\":\"CONTACT | Dr Bea Esthetique\",\"isPartOf\":{\"@id\":\"https:\/\/drbea.rs\/sr\/#website\"},\"primaryImageOfPage\":{\"@id\":\"https:\/\/drbea.rs\/contact\/#primaryimage\"},\"image\":{\"@id\":\"https:\/\/drbea.rs\/contact\/#primaryimage\"},\"thumbnailUrl\":\"https:\/\/drbea.rs\/wp-content\/uploads\/elementor\/thumbs\/cropped-favicon-puyf5jcjd5409kvx1f03cg8p321fn9gecljg23tbdc.png\",\"datePublished\":\"2020-01-21T14:36:20+00:00\",\"dateModified\":\"2025-01-14T16:25:24+00:00\",\"description\":\"Pre bilo koje estetske procedure neophodno je da do\u0111ete na konsultacijekako bismo kroz razgovor na\u0161li najbolje re\u0161enje ba\u0161 za Vas.\",\"breadcrumb\":{\"@id\":\"https:\/\/drbea.rs\/contact\/#breadcrumb\"},\"inLanguage\":\"sr-RS\",\"potentialAction\":[{\"@type\":\"ReadAction\",\"target\":[\"https:\/\/drbea.rs\/contact\/\"]}]},{\"@type\":\"ImageObject\",\"inLanguage\":\"sr-RS\",\"@id\":\"https:\/\/drbea.rs\/contact\/#primaryimage\",\"url\":\"https:\/\/drbea.rs\/wp-content\/uploads\/elementor\/thumbs\/cropped-favicon-puyf5jcjd5409kvx1f03cg8p321fn9gecljg23tbdc.png\",\"contentUrl\":\"https:\/\/drbea.rs\/wp-content\/uploads\/elementor\/thumbs\/cropped-favicon-puyf5jcjd5409kvx1f03cg8p321fn9gecljg23tbdc.png\"},{\"@type\":\"BreadcrumbList\",\"@id\":\"https:\/\/drbea.rs\/contact\/#breadcrumb\",\"itemListElement\":[{\"@type\":\"ListItem\",\"position\":1,\"name\":\"Home\",\"item\":\"https:\/\/drbea.rs\/sr\/\"},{\"@type\":\"ListItem\",\"position\":2,\"name\":\"CONTACT\"}]},{\"@type\":\"WebSite\",\"@id\":\"https:\/\/drbea.rs\/sr\/#website\",\"url\":\"https:\/\/drbea.rs\/sr\/\",\"name\":\"Dr Bea Esthetique\",\"description\":\"ANTI-AGING MEDICINA\",\"publisher\":{\"@id\":\"https:\/\/drbea.rs\/sr\/#organization\"},\"alternateName\":\"Dr Bea\",\"potentialAction\":[{\"@type\":\"SearchAction\",\"target\":{\"@type\":\"EntryPoint\",\"urlTemplate\":\"https:\/\/drbea.rs\/sr\/?s={search_term_string}\"},\"query-input\":{\"@type\":\"PropertyValueSpecification\",\"valueRequired\":true,\"valueName\":\"search_term_string\"}}],\"inLanguage\":\"sr-RS\"},{\"@type\":\"Organization\",\"@id\":\"https:\/\/drbea.rs\/sr\/#organization\",\"name\":\"Dr Bea Esth\u00e9tique\",\"alternateName\":\"Dr Bea\",\"url\":\"https:\/\/drbea.rs\/sr\/\",\"logo\":{\"@type\":\"ImageObject\",\"inLanguage\":\"sr-RS\",\"@id\":\"https:\/\/drbea.rs\/sr\/#\/schema\/logo\/image\/\",\"url\":\"https:\/\/drbea.rs\/wp-content\/uploads\/2020\/09\/Logo.png\",\"contentUrl\":\"https:\/\/drbea.rs\/wp-content\/uploads\/2020\/09\/Logo.png\",\"width\":1960,\"height\":895,\"caption\":\"Dr Bea Esth\u00e9tique\"},\"image\":{\"@id\":\"https:\/\/drbea.rs\/sr\/#\/schema\/logo\/image\/\"},\"sameAs\":[\"https:\/\/www.facebook.com\/bea.povignac\",\"https:\/\/www.instagram.com\/drbeapovignac\/\",\"https:\/\/www.youtube.com\/@beapovignac5456\"]}]}<\/script>\n<!-- \/ Yoast SEO plugin. -->","yoast_head_json":{"title":"CONTACT | Dr Bea Esthetique","description":"Pre bilo koje estetske procedure neophodno je da do\u0111ete na konsultacijekako bismo kroz razgovor na\u0161li najbolje re\u0161enje ba\u0161 za Vas.","robots":{"index":"index","follow":"follow","max-snippet":"max-snippet:-1","max-image-preview":"max-image-preview:large","max-video-preview":"max-video-preview:-1"},"canonical":"https:\/\/drbea.rs\/sr\/contact\/","og_locale":"sr_RS","og_type":"article","og_title":"Dr Bea Esth\u00e9tique - Kontakt","og_description":"Pre bilo koje estetske procedure neophodno je da do\u0111ete na konsultacijekako bismo kroz razgovor na\u0161li najbolje re\u0161enje ba\u0161 za Vas.","og_url":"https:\/\/drbea.rs\/sr\/contact\/","og_site_name":"Dr Bea Esthetique","article_publisher":"https:\/\/www.facebook.com\/bea.povignac","article_modified_time":"2025-01-14T16:25:24+00:00","og_image":[{"width":870,"height":902,"url":"https:\/\/drbea.rs\/wp-content\/uploads\/2020\/09\/Znak-dr-Bea-vektori.png","type":"image\/png"}],"twitter_misc":{"\u041f\u0440\u043e\u0446\u0435\u045a\u0435\u043d\u043e \u0432\u0440\u0435\u043c\u0435 \u0447\u0438\u0442\u0430\u045a\u0430":"1 \u043c\u0438\u043d\u0443\u0442"},"schema":{"@context":"https:\/\/schema.org","@graph":[{"@type":"WebPage","@id":"https:\/\/drbea.rs\/contact\/","url":"https:\/\/drbea.rs\/contact\/","name":"CONTACT | Dr Bea Esthetique","isPartOf":{"@id":"https:\/\/drbea.rs\/sr\/#website"},"primaryImageOfPage":{"@id":"https:\/\/drbea.rs\/contact\/#primaryimage"},"image":{"@id":"https:\/\/drbea.rs\/contact\/#primaryimage"},"thumbnailUrl":"https:\/\/drbea.rs\/wp-content\/uploads\/elementor\/thumbs\/cropped-favicon-puyf5jcjd5409kvx1f03cg8p321fn9gecljg23tbdc.png","datePublished":"2020-01-21T14:36:20+00:00","dateModified":"2025-01-14T16:25:24+00:00","description":"Pre bilo koje estetske procedure neophodno je da do\u0111ete na konsultacijekako bismo kroz razgovor na\u0161li najbolje re\u0161enje ba\u0161 za Vas.","breadcrumb":{"@id":"https:\/\/drbea.rs\/contact\/#breadcrumb"},"inLanguage":"sr-RS","potentialAction":[{"@type":"ReadAction","target":["https:\/\/drbea.rs\/contact\/"]}]},{"@type":"ImageObject","inLanguage":"sr-RS","@id":"https:\/\/drbea.rs\/contact\/#primaryimage","url":"https:\/\/drbea.rs\/wp-content\/uploads\/elementor\/thumbs\/cropped-favicon-puyf5jcjd5409kvx1f03cg8p321fn9gecljg23tbdc.png","contentUrl":"https:\/\/drbea.rs\/wp-content\/uploads\/elementor\/thumbs\/cropped-favicon-puyf5jcjd5409kvx1f03cg8p321fn9gecljg23tbdc.png"},{"@type":"BreadcrumbList","@id":"https:\/\/drbea.rs\/contact\/#breadcrumb","itemListElement":[{"@type":"ListItem","position":1,"name":"Home","item":"https:\/\/drbea.rs\/sr\/"},{"@type":"ListItem","position":2,"name":"CONTACT"}]},{"@type":"WebSite","@id":"https:\/\/drbea.rs\/sr\/#website","url":"https:\/\/drbea.rs\/sr\/","name":"Dr Bea Esthetique","description":"ANTI-AGING MEDICINA","publisher":{"@id":"https:\/\/drbea.rs\/sr\/#organization"},"alternateName":"Dr Bea","potentialAction":[{"@type":"SearchAction","target":{"@type":"EntryPoint","urlTemplate":"https:\/\/drbea.rs\/sr\/?s={search_term_string}"},"query-input":{"@type":"PropertyValueSpecification","valueRequired":true,"valueName":"search_term_string"}}],"inLanguage":"sr-RS"},{"@type":"Organization","@id":"https:\/\/drbea.rs\/sr\/#organization","name":"Dr Bea Esth\u00e9tique","alternateName":"Dr Bea","url":"https:\/\/drbea.rs\/sr\/","logo":{"@type":"ImageObject","inLanguage":"sr-RS","@id":"https:\/\/drbea.rs\/sr\/#\/schema\/logo\/image\/","url":"https:\/\/drbea.rs\/wp-content\/uploads\/2020\/09\/Logo.png","contentUrl":"https:\/\/drbea.rs\/wp-content\/uploads\/2020\/09\/Logo.png","width":1960,"height":895,"caption":"Dr Bea Esth\u00e9tique"},"image":{"@id":"https:\/\/drbea.rs\/sr\/#\/schema\/logo\/image\/"},"sameAs":["https:\/\/www.facebook.com\/bea.povignac","https:\/\/www.instagram.com\/drbeapovignac\/","https:\/\/www.youtube.com\/@beapovignac5456"]}]}},"_links":{"self":[{"href":"https:\/\/drbea.rs\/sr\/wp-json\/wp\/v2\/pages\/599","targetHints":{"allow":["GET"]}}],"collection":[{"href":"https:\/\/drbea.rs\/sr\/wp-json\/wp\/v2\/pages"}],"about":[{"href":"https:\/\/drbea.rs\/sr\/wp-json\/wp\/v2\/types\/page"}],"author":[{"embeddable":true,"href":"https:\/\/drbea.rs\/sr\/wp-json\/wp\/v2\/users\/1"}],"replies":[{"embeddable":true,"href":"https:\/\/drbea.rs\/sr\/wp-json\/wp\/v2\/comments?post=599"}],"version-history":[{"count":36,"href":"https:\/\/drbea.rs\/sr\/wp-json\/wp\/v2\/pages\/599\/revisions"}],"predecessor-version":[{"id":11039,"href":"https:\/\/drbea.rs\/sr\/wp-json\/wp\/v2\/pages\/599\/revisions\/11039"}],"wp:attachment":[{"href":"https:\/\/drbea.rs\/sr\/wp-json\/wp\/v2\/media?parent=599"}],"curies":[{"name":"wp","href":"https:\/\/api.w.org\/{rel}","templated":true}]}}