{"id":9437,"date":"2020-01-21T14:36:20","date_gmt":"2020-01-21T14:36:20","guid":{"rendered":"https:\/\/drbeaaesthetics.rs\/kontakt\/"},"modified":"2024-04-17T15:30:12","modified_gmt":"2024-04-17T15:30:12","slug":"kontakt","status":"publish","type":"page","link":"https:\/\/drbea.rs\/en\/kontakt\/","title":{"rendered":"KONTAKT"},"content":{"rendered":"\t\t<div data-elementor-type=\"wp-page\" data-elementor-id=\"9437\" class=\"elementor elementor-9437\">\n\t\t\t\t\t\t<section class=\"elementor-section elementor-top-section elementor-element elementor-element-eafeca1 elementor-section-boxed elementor-section-height-default elementor-section-height-default\" data-id=\"eafeca1\" data-element_type=\"section\">\n\t\t\t\t\t\t<div class=\"elementor-container elementor-column-gap-default\">\n\t\t\t\t\t<div class=\"elementor-column elementor-col-100 elementor-top-column elementor-element elementor-element-9504838\" data-id=\"9504838\" data-element_type=\"column\">\n\t\t\t<div class=\"elementor-widget-wrap elementor-element-populated\">\n\t\t\t\t\t\t<div class=\"elementor-element elementor-element-b26218b elementor-widget elementor-widget-image\" data-id=\"b26218b\" data-element_type=\"widget\" data-widget_type=\"image.default\">\n\t\t\t\t<div class=\"elementor-widget-container\">\n\t\t\t\t\t\t\t\t\t\t\t\t\t\t\t<img decoding=\"async\" width=\"150\" height=\"150\" src=\"https:\/\/drbea.rs\/wp-content\/uploads\/2022\/07\/cropped-favicon-150x150.png\" class=\"attachment-thumbnail size-thumbnail wp-image-3586\" alt=\"\" srcset=\"https:\/\/drbea.rs\/wp-content\/uploads\/2022\/07\/cropped-favicon-150x150.png 150w, https:\/\/drbea.rs\/wp-content\/uploads\/2022\/07\/cropped-favicon-300x300.png 300w, https:\/\/drbea.rs\/wp-content\/uploads\/2022\/07\/cropped-favicon-480x480.png 480w, https:\/\/drbea.rs\/wp-content\/uploads\/2022\/07\/cropped-favicon-270x270.png 270w, https:\/\/drbea.rs\/wp-content\/uploads\/2022\/07\/cropped-favicon-192x192.png 192w, https:\/\/drbea.rs\/wp-content\/uploads\/2022\/07\/cropped-favicon-180x180.png 180w, https:\/\/drbea.rs\/wp-content\/uploads\/2022\/07\/cropped-favicon-32x32.png 32w, https:\/\/drbea.rs\/wp-content\/uploads\/2022\/07\/elementor\/thumbs\/cropped-favicon-puyf5jcjd5409kvx1f03cg8p321fn9gecljg23tbdc.png 200w, https:\/\/drbea.rs\/wp-content\/uploads\/2022\/07\/cropped-favicon.png 512w\" sizes=\"(max-width: 150px) 100vw, 150px\" title=\"cropped-favicon.png\" \/>\t\t\t\t\t\t\t\t\t\t\t\t\t\t\t<\/div>\n\t\t\t\t<\/div>\n\t\t\t\t<div class=\"elementor-element elementor-element-232ca8f elementor-widget elementor-widget-heading\" data-id=\"232ca8f\" data-element_type=\"widget\" data-widget_type=\"heading.default\">\n\t\t\t\t<div class=\"elementor-widget-container\">\n\t\t\t\t\t<h4 class=\"elementor-heading-title elementor-size-default\">Dr Bea Esth\u00e9tique<\/h4>\t\t\t\t<\/div>\n\t\t\t\t<\/div>\n\t\t\t\t<div class=\"elementor-element elementor-element-a946c62 elementor-widget elementor-widget-heading\" data-id=\"a946c62\" data-element_type=\"widget\" data-widget_type=\"heading.default\">\n\t\t\t\t<div class=\"elementor-widget-container\">\n\t\t\t\t\t<h2 class=\"elementor-heading-title elementor-size-default\">Zaka\u017eite konsultacije <\/h2>\t\t\t\t<\/div>\n\t\t\t\t<\/div>\n\t\t\t\t<div class=\"elementor-element-custom_font_size elementor-element elementor-element-2381e98 elementor-widget elementor-widget-text-editor\" data-id=\"2381e98\" data-element_type=\"widget\" data-widget_type=\"text-editor.default\">\n\t\t\t\t<div class=\"elementor-widget-container\">\n\t\t\t\t\t\t\t\t\t<p>Pre bilo koje estetske procedure neophodno je da do\u0111ete na konsultacije kako bismo kroz razgovor na\u0161li najbolje re\u0161enje ba\u0161 za Vas. <\/p>\n\t\t\t\t\t\t\t\t<\/div>\n\t\t\t\t<\/div>\n\t\t\t\t<div class=\"elementor-element elementor-element-721ff2a elementor-widget elementor-widget-spacer\" data-id=\"721ff2a\" data-element_type=\"widget\" data-widget_type=\"spacer.default\">\n\t\t\t\t<div class=\"elementor-widget-container\">\n\t\t\t\t\t\t\t<div class=\"elementor-spacer\">\n\t\t\t<div class=\"elementor-spacer-inner\"><\/div>\n\t\t<\/div>\n\t\t\t\t\t\t<\/div>\n\t\t\t\t<\/div>\n\t\t\t\t\t<\/div>\n\t\t<\/div>\n\t\t\t\t\t<\/div>\n\t\t<\/section>\n\t\t\t\t<section class=\"elementor-section elementor-top-section elementor-element elementor-element-2bb0cb4 elementor-section-boxed elementor-section-height-default elementor-section-height-default\" data-id=\"2bb0cb4\" data-element_type=\"section\">\n\t\t\t\t\t\t<div class=\"elementor-container elementor-column-gap-default\">\n\t\t\t\t\t<div class=\"elementor-column elementor-col-100 elementor-top-column elementor-element elementor-element-57baae2\" data-id=\"57baae2\" data-element_type=\"column\">\n\t\t\t<div class=\"elementor-widget-wrap elementor-element-populated\">\n\t\t\t\t\t\t<div class=\"elementor-element elementor-element-3b66b23 elementor-widget__width-auto elementor-vertical-align-top elementor-widget elementor-widget-image-box\" data-id=\"3b66b23\" data-element_type=\"widget\" data-widget_type=\"image-box.default\">\n\t\t\t\t<div class=\"elementor-widget-container\">\n\t\t\t\t\t<div class=\"elementor-image-box-wrapper\"><div class=\"elementor-image-box-content\"><h5 class=\"elementor-image-box-title\"><a href=\"http:\/\/+381%20(0)%2066%20061%20611\">TELEFON anti-aging medicina: <\/a><\/h5><p class=\"elementor-image-box-description\">+381 (0) 66 06 16 11\n<\/p><\/div><\/div>\t\t\t\t<\/div>\n\t\t\t\t<\/div>\n\t\t\t\t<div class=\"elementor-element elementor-element-32daec7 elementor-widget elementor-widget-spacer\" data-id=\"32daec7\" data-element_type=\"widget\" data-widget_type=\"spacer.default\">\n\t\t\t\t<div class=\"elementor-widget-container\">\n\t\t\t\t\t\t\t<div class=\"elementor-spacer\">\n\t\t\t<div class=\"elementor-spacer-inner\"><\/div>\n\t\t<\/div>\n\t\t\t\t\t\t<\/div>\n\t\t\t\t<\/div>\n\t\t\t\t<div class=\"elementor-element elementor-element-941679e elementor-widget__width-auto elementor-vertical-align-top elementor-widget elementor-widget-image-box\" data-id=\"941679e\" data-element_type=\"widget\" data-widget_type=\"image-box.default\">\n\t\t\t\t<div class=\"elementor-widget-container\">\n\t\t\t\t\t<div class=\"elementor-image-box-wrapper\"><div class=\"elementor-image-box-content\"><h5 class=\"elementor-image-box-title\"><a href=\"http:\/\/+381%20(0)%2066%20061%20611\">Telefon stomatologije: <\/a><\/h5><p class=\"elementor-image-box-description\">+381 (0) 63 44 99 12\n<\/p><\/div><\/div>\t\t\t\t<\/div>\n\t\t\t\t<\/div>\n\t\t\t\t<div class=\"elementor-element elementor-element-a6d398a elementor-widget elementor-widget-spacer\" data-id=\"a6d398a\" data-element_type=\"widget\" data-widget_type=\"spacer.default\">\n\t\t\t\t<div class=\"elementor-widget-container\">\n\t\t\t\t\t\t\t<div class=\"elementor-spacer\">\n\t\t\t<div class=\"elementor-spacer-inner\"><\/div>\n\t\t<\/div>\n\t\t\t\t\t\t<\/div>\n\t\t\t\t<\/div>\n\t\t\t\t<div class=\"elementor-element elementor-element-c500416 elementor-widget__width-auto elementor-vertical-align-top elementor-widget elementor-widget-image-box\" data-id=\"c500416\" data-element_type=\"widget\" data-widget_type=\"image-box.default\">\n\t\t\t\t<div class=\"elementor-widget-container\">\n\t\t\t\t\t<div class=\"elementor-image-box-wrapper\"><div class=\"elementor-image-box-content\"><h5 class=\"elementor-image-box-title\">ADRESA: <\/h5><p class=\"elementor-image-box-description\">D\u017eord\u017ea Va\u0161ingtona 46 Beograd<\/p><\/div><\/div>\t\t\t\t<\/div>\n\t\t\t\t<\/div>\n\t\t\t\t<div class=\"elementor-element elementor-element-ef00f9e elementor-widget elementor-widget-spacer\" data-id=\"ef00f9e\" data-element_type=\"widget\" data-widget_type=\"spacer.default\">\n\t\t\t\t<div class=\"elementor-widget-container\">\n\t\t\t\t\t\t\t<div class=\"elementor-spacer\">\n\t\t\t<div class=\"elementor-spacer-inner\"><\/div>\n\t\t<\/div>\n\t\t\t\t\t\t<\/div>\n\t\t\t\t<\/div>\n\t\t\t\t<div class=\"elementor-element elementor-element-0dfa5d3 elementor-widget__width-auto elementor-vertical-align-top elementor-widget elementor-widget-image-box\" data-id=\"0dfa5d3\" data-element_type=\"widget\" data-widget_type=\"image-box.default\">\n\t\t\t\t<div class=\"elementor-widget-container\">\n\t\t\t\t\t<div class=\"elementor-image-box-wrapper\"><div class=\"elementor-image-box-content\"><h5 class=\"elementor-image-box-title\"><a href=\"\">Email:<\/a><\/h5><p class=\"elementor-image-box-description\">dr.bea.esthetique@gmail.com<\/p><\/div><\/div>\t\t\t\t<\/div>\n\t\t\t\t<\/div>\n\t\t\t\t<div class=\"elementor-element elementor-element-cab529c elementor-widget elementor-widget-spacer\" data-id=\"cab529c\" data-element_type=\"widget\" data-widget_type=\"spacer.default\">\n\t\t\t\t<div class=\"elementor-widget-container\">\n\t\t\t\t\t\t\t<div class=\"elementor-spacer\">\n\t\t\t<div class=\"elementor-spacer-inner\"><\/div>\n\t\t<\/div>\n\t\t\t\t\t\t<\/div>\n\t\t\t\t<\/div>\n\t\t\t\t<div class=\"elementor-element elementor-element-bb5a4e5 elementor-shape-rounded elementor-grid-0 e-grid-align-center elementor-widget elementor-widget-social-icons\" data-id=\"bb5a4e5\" data-element_type=\"widget\" data-widget_type=\"social-icons.default\">\n\t\t\t\t<div class=\"elementor-widget-container\">\n\t\t\t\t\t\t\t<div class=\"elementor-social-icons-wrapper elementor-grid\" role=\"list\">\n\t\t\t\t\t\t\t<span class=\"elementor-grid-item\" role=\"listitem\">\n\t\t\t\t\t<a class=\"elementor-icon elementor-social-icon elementor-social-icon-facebook-square elementor-repeater-item-5a925db\" target=\"_blank\">\n\t\t\t\t\t\t<span class=\"elementor-screen-only\">Facebook-square<\/span>\n\t\t\t\t\t\t<i aria-hidden=\"true\" class=\"fab fa-facebook-square\"><\/i>\t\t\t\t\t<\/a>\n\t\t\t\t<\/span>\n\t\t\t\t\t\t\t<span class=\"elementor-grid-item\" role=\"listitem\">\n\t\t\t\t\t<a class=\"elementor-icon elementor-social-icon elementor-social-icon-twitter elementor-repeater-item-7a84433\" target=\"_blank\">\n\t\t\t\t\t\t<span class=\"elementor-screen-only\">Twitter<\/span>\n\t\t\t\t\t\t<i aria-hidden=\"true\" class=\"fab fa-twitter\"><\/i>\t\t\t\t\t<\/a>\n\t\t\t\t<\/span>\n\t\t\t\t\t\t\t<span class=\"elementor-grid-item\" role=\"listitem\">\n\t\t\t\t\t<a class=\"elementor-icon elementor-social-icon elementor-social-icon-youtube elementor-repeater-item-1aa09e7\" target=\"_blank\">\n\t\t\t\t\t\t<span class=\"elementor-screen-only\">Youtube<\/span>\n\t\t\t\t\t\t<i aria-hidden=\"true\" class=\"fab fa-youtube\"><\/i>\t\t\t\t\t<\/a>\n\t\t\t\t<\/span>\n\t\t\t\t\t<\/div>\n\t\t\t\t\t\t<\/div>\n\t\t\t\t<\/div>\n\t\t\t\t\t<\/div>\n\t\t<\/div>\n\t\t\t\t\t<\/div>\n\t\t<\/section>\n\t\t\t\t<section class=\"elementor-section elementor-top-section elementor-element elementor-element-5db58259 bea-about-us elementor-section-boxed elementor-section-height-default elementor-section-height-default\" data-id=\"5db58259\" data-element_type=\"section\" data-settings=\"{&quot;background_background&quot;:&quot;classic&quot;}\">\n\t\t\t\t\t\t<div class=\"elementor-container elementor-column-gap-default\">\n\t\t\t\t\t<div class=\"elementor-column elementor-col-66 elementor-top-column elementor-element elementor-element-721b33a9 bea-inner-1024\" data-id=\"721b33a9\" data-element_type=\"column\">\n\t\t\t<div class=\"elementor-widget-wrap elementor-element-populated\">\n\t\t\t\t\t\t<div class=\"elementor-element elementor-element-e1b3f8b elementor-widget elementor-widget-heading\" data-id=\"e1b3f8b\" data-element_type=\"widget\" data-widget_type=\"heading.default\">\n\t\t\t\t<div class=\"elementor-widget-container\">\n\t\t\t\t\t<h2 class=\"elementor-heading-title elementor-size-default\">Kako do nas <\/h2>\t\t\t\t<\/div>\n\t\t\t\t<\/div>\n\t\t\t\t<div class=\"elementor-element-custom_font_size elementor-element elementor-element-c0b4c40 elementor-widget elementor-widget-text-editor\" data-id=\"c0b4c40\" data-element_type=\"widget\" data-widget_type=\"text-editor.default\">\n\t\t\t\t<div class=\"elementor-widget-container\">\n\t\t\t\t\t\t\t\t\t<p style=\"text-align: center;\"><strong>Ordinacija Dr Bea Esth\u00e9tique nalazi se u samom centru grada, sa dva javna parkinga u neposrednoj blizini.<\/strong> <\/p>\n\t\t\t\t\t\t\t\t<\/div>\n\t\t\t\t<\/div>\n\t\t\t\t<div class=\"elementor-element elementor-element-5417a64 elementor-widget elementor-widget-spacer\" data-id=\"5417a64\" data-element_type=\"widget\" data-widget_type=\"spacer.default\">\n\t\t\t\t<div class=\"elementor-widget-container\">\n\t\t\t\t\t\t\t<div class=\"elementor-spacer\">\n\t\t\t<div class=\"elementor-spacer-inner\"><\/div>\n\t\t<\/div>\n\t\t\t\t\t\t<\/div>\n\t\t\t\t<\/div>\n\t\t\t\t<div class=\"elementor-element elementor-element-f2a62a4 elementor-widget elementor-widget-html\" data-id=\"f2a62a4\" data-element_type=\"widget\" data-widget_type=\"html.default\">\n\t\t\t\t<div class=\"elementor-widget-container\">\n\t\t\t\t\t<iframe src=\"https:\/\/www.google.com\/maps\/embed?pb=!1m18!1m12!1m3!1d4002.688854395562!2d20.471499831180587!3d44.81487331612451!2m3!1f0!2f0!3f0!3m2!1i1024!2i768!4f13.1!3m3!1m2!1s0x475a7b430f19ff6d%3A0x472fa0708cd6075a!2sDr%20Bea%20Esth%C3%A9tique!5e0!3m2!1sen!2srs!4v1658869965751!5m2!1sen!2srs\" width=\"600\" height=\"450\" style=\"border:0;\" allowfullscreen=\"\" loading=\"lazy\" referrerpolicy=\"no-referrer-when-downgrade\"><\/iframe>\t\t\t\t<\/div>\n\t\t\t\t<\/div>\n\t\t\t\t\t<\/div>\n\t\t<\/div>\n\t\t\t\t<div class=\"elementor-column elementor-col-33 elementor-top-column elementor-element elementor-element-7ede1cf7 bea-inner-1024\" data-id=\"7ede1cf7\" data-element_type=\"column\">\n\t\t\t<div class=\"elementor-widget-wrap elementor-element-populated\">\n\t\t\t\t\t\t<div class=\"elementor-element elementor-element-abd9092 elementor-widget elementor-widget-spacer\" data-id=\"abd9092\" data-element_type=\"widget\" data-widget_type=\"spacer.default\">\n\t\t\t\t<div class=\"elementor-widget-container\">\n\t\t\t\t\t\t\t<div class=\"elementor-spacer\">\n\t\t\t<div class=\"elementor-spacer-inner\"><\/div>\n\t\t<\/div>\n\t\t\t\t\t\t<\/div>\n\t\t\t\t<\/div>\n\t\t\t\t<div class=\"elementor-element elementor-element-55976f8 elementor-widget elementor-widget-image\" data-id=\"55976f8\" data-element_type=\"widget\" data-widget_type=\"image.default\">\n\t\t\t\t<div class=\"elementor-widget-container\">\n\t\t\t\t\t\t\t\t\t\t\t\t\t\t\t<img decoding=\"async\" width=\"151\" height=\"177\" src=\"https:\/\/drbea.rs\/wp-content\/uploads\/2022\/08\/Parking-simbol.png\" class=\"attachment-1536x1536 size-1536x1536 wp-image-9492\" alt=\"\" title=\"Parking simbol\" \/>\t\t\t\t\t\t\t\t\t\t\t\t\t\t\t<\/div>\n\t\t\t\t<\/div>\n\t\t\t\t<div class=\"elementor-element-custom_font_size elementor-element elementor-element-11d4252 elementor-widget elementor-widget-text-editor\" data-id=\"11d4252\" data-element_type=\"widget\" data-widget_type=\"text-editor.default\">\n\t\t\t\t<div class=\"elementor-widget-container\">\n\t\t\t\t\t\t\t\t\t<p class=\"DUwDvf fontHeadlineLarge\" style=\"text-align: center;\"><strong><span jstcache=\"921\">Javna gara\u017ea<\/span><\/strong><span jstcache=\"921\">, <\/span><span jstcache=\"921\">Palilulska pijaca<\/span><strong><span jstcache=\"921\"><br \/><\/span><\/strong><span jstcache=\"921\">Dobre Mitrovi\u0107a 47, Belgrade<\/span><strong><span jstcache=\"921\"><br \/><\/span><\/strong><\/p>\n\t\t\t\t\t\t\t\t<\/div>\n\t\t\t\t<\/div>\n\t\t\t\t<div class=\"elementor-element-custom_font_size elementor-element elementor-element-8d47c46 elementor-widget elementor-widget-text-editor\" data-id=\"8d47c46\" data-element_type=\"widget\" data-widget_type=\"text-editor.default\">\n\t\t\t\t<div class=\"elementor-widget-container\">\n\t\t\t\t\t\t\t\t\t<p style=\"text-align: center;\"><strong><span jstcache=\"921\">Javna gara\u017ea<\/span><\/strong><span jstcache=\"921\">, <span>Botani\u010dka ba\u0161ta<\/span><\/span><strong><span jstcache=\"921\"><br \/><\/span><\/strong>Vojvode Dobrnjca 8, Belgrade<\/p>\n\t\t\t\t\t\t\t\t<\/div>\n\t\t\t\t<\/div>\n\t\t\t\t\t<\/div>\n\t\t<\/div>\n\t\t\t\t\t<\/div>\n\t\t<\/section>\n\t\t\t\t<\/div>\n\t\t","protected":false},"excerpt":{"rendered":"<p>Dr Bea Esth\u00e9tique Zaka\u017eite konsultacije Pre bilo koje estetske procedure neophodno je da do\u0111ete na konsultacije kako bismo kroz razgovor na\u0161li najbolje re\u0161enje ba\u0161 za Vas. TELEFON anti-aging medicina: +381 (0) 66 06 16 11 Telefon stomatologije: +381 (0) 63 44 99 12 ADRESA: D\u017eord\u017ea Va\u0161ingtona 46 Beograd Email: dr.bea.esthetique@gmail.com Facebook-square Twitter Youtube Kako do [&hellip;]<\/p>\n","protected":false},"author":1,"featured_media":0,"parent":0,"menu_order":0,"comment_status":"closed","ping_status":"closed","template":"","meta":{"footnotes":""},"class_list":["post-9437","page","type-page","status-publish","hentry"],"yoast_head":"<!-- This site is optimized with the Yoast SEO plugin v26.9 - https:\/\/yoast.com\/product\/yoast-seo-wordpress\/ -->\n<title>KONTAKT | Dr Bea Esthetique<\/title>\n<meta name=\"description\" content=\"Pre bilo koje estetske procedure neophodno je da do\u0111ete na konsultacijekako bismo kroz razgovor na\u0161li najbolje re\u0161enje ba\u0161 za Vas.\" \/>\n<meta name=\"robots\" content=\"index, follow, max-snippet:-1, max-image-preview:large, max-video-preview:-1\" \/>\n<link rel=\"canonical\" href=\"https:\/\/drbea.rs\/en\/kontakt\/\" \/>\n<meta property=\"og:locale\" content=\"en_US\" \/>\n<meta property=\"og:type\" content=\"article\" \/>\n<meta property=\"og:title\" content=\"Dr Bea Esth\u00e9tique - Kontakt\" \/>\n<meta property=\"og:description\" content=\"Pre bilo koje estetske procedure neophodno je da do\u0111ete na konsultacijekako bismo kroz razgovor na\u0161li najbolje re\u0161enje ba\u0161 za Vas.\" \/>\n<meta property=\"og:url\" content=\"https:\/\/drbea.rs\/en\/kontakt\/\" \/>\n<meta property=\"og:site_name\" content=\"Dr Bea Esthetique\" \/>\n<meta property=\"article:publisher\" content=\"https:\/\/www.facebook.com\/bea.povignac\" \/>\n<meta property=\"article:modified_time\" content=\"2024-04-17T15:30:12+00:00\" \/>\n<meta property=\"og:image\" content=\"https:\/\/drbea.rs\/wp-content\/uploads\/2020\/09\/Znak-dr-Bea-vektori-289x300.png\" \/>\n<script type=\"application\/ld+json\" class=\"yoast-schema-graph\">{\"@context\":\"https:\/\/schema.org\",\"@graph\":[{\"@type\":\"WebPage\",\"@id\":\"https:\/\/drbea.rs\/kontakt\/\",\"url\":\"https:\/\/drbea.rs\/kontakt\/\",\"name\":\"KONTAKT | Dr Bea Esthetique\",\"isPartOf\":{\"@id\":\"https:\/\/drbea.rs\/sr\/#website\"},\"primaryImageOfPage\":{\"@id\":\"https:\/\/drbea.rs\/kontakt\/#primaryimage\"},\"image\":{\"@id\":\"https:\/\/drbea.rs\/kontakt\/#primaryimage\"},\"thumbnailUrl\":\"https:\/\/drbea.rs\/wp-content\/uploads\/2022\/07\/cropped-favicon-150x150.png\",\"datePublished\":\"2020-01-21T14:36:20+00:00\",\"dateModified\":\"2024-04-17T15:30:12+00:00\",\"description\":\"Pre bilo koje estetske procedure neophodno je da do\u0111ete na konsultacijekako bismo kroz razgovor na\u0161li najbolje re\u0161enje ba\u0161 za Vas.\",\"breadcrumb\":{\"@id\":\"https:\/\/drbea.rs\/kontakt\/#breadcrumb\"},\"inLanguage\":\"en-US\",\"potentialAction\":[{\"@type\":\"ReadAction\",\"target\":[\"https:\/\/drbea.rs\/kontakt\/\"]}]},{\"@type\":\"ImageObject\",\"inLanguage\":\"en-US\",\"@id\":\"https:\/\/drbea.rs\/kontakt\/#primaryimage\",\"url\":\"https:\/\/drbea.rs\/wp-content\/uploads\/2022\/07\/cropped-favicon-150x150.png\",\"contentUrl\":\"https:\/\/drbea.rs\/wp-content\/uploads\/2022\/07\/cropped-favicon-150x150.png\"},{\"@type\":\"BreadcrumbList\",\"@id\":\"https:\/\/drbea.rs\/kontakt\/#breadcrumb\",\"itemListElement\":[{\"@type\":\"ListItem\",\"position\":1,\"name\":\"Home\",\"item\":\"https:\/\/drbea.rs\/sr\/\"},{\"@type\":\"ListItem\",\"position\":2,\"name\":\"KONTAKT\"}]},{\"@type\":\"WebSite\",\"@id\":\"https:\/\/drbea.rs\/sr\/#website\",\"url\":\"https:\/\/drbea.rs\/sr\/\",\"name\":\"Dr Bea Esthetique\",\"description\":\"ANTI-AGING MEDICINA\",\"publisher\":{\"@id\":\"https:\/\/drbea.rs\/sr\/#organization\"},\"alternateName\":\"Dr Bea\",\"potentialAction\":[{\"@type\":\"SearchAction\",\"target\":{\"@type\":\"EntryPoint\",\"urlTemplate\":\"https:\/\/drbea.rs\/sr\/?s={search_term_string}\"},\"query-input\":{\"@type\":\"PropertyValueSpecification\",\"valueRequired\":true,\"valueName\":\"search_term_string\"}}],\"inLanguage\":\"en-US\"},{\"@type\":\"Organization\",\"@id\":\"https:\/\/drbea.rs\/sr\/#organization\",\"name\":\"Dr Bea Esth\u00e9tique\",\"alternateName\":\"Dr Bea\",\"url\":\"https:\/\/drbea.rs\/sr\/\",\"logo\":{\"@type\":\"ImageObject\",\"inLanguage\":\"en-US\",\"@id\":\"https:\/\/drbea.rs\/sr\/#\/schema\/logo\/image\/\",\"url\":\"https:\/\/drbea.rs\/wp-content\/uploads\/2020\/09\/Logo.png\",\"contentUrl\":\"https:\/\/drbea.rs\/wp-content\/uploads\/2020\/09\/Logo.png\",\"width\":1960,\"height\":895,\"caption\":\"Dr Bea Esth\u00e9tique\"},\"image\":{\"@id\":\"https:\/\/drbea.rs\/sr\/#\/schema\/logo\/image\/\"},\"sameAs\":[\"https:\/\/www.facebook.com\/bea.povignac\",\"https:\/\/www.instagram.com\/drbeapovignac\/\",\"https:\/\/www.youtube.com\/@beapovignac5456\"]}]}<\/script>\n<!-- \/ Yoast SEO plugin. -->","yoast_head_json":{"title":"KONTAKT | Dr Bea Esthetique","description":"Pre bilo koje estetske procedure neophodno je da do\u0111ete na konsultacijekako bismo kroz razgovor na\u0161li najbolje re\u0161enje ba\u0161 za Vas.","robots":{"index":"index","follow":"follow","max-snippet":"max-snippet:-1","max-image-preview":"max-image-preview:large","max-video-preview":"max-video-preview:-1"},"canonical":"https:\/\/drbea.rs\/en\/kontakt\/","og_locale":"en_US","og_type":"article","og_title":"Dr Bea Esth\u00e9tique - Kontakt","og_description":"Pre bilo koje estetske procedure neophodno je da do\u0111ete na konsultacijekako bismo kroz razgovor na\u0161li najbolje re\u0161enje ba\u0161 za Vas.","og_url":"https:\/\/drbea.rs\/en\/kontakt\/","og_site_name":"Dr Bea Esthetique","article_publisher":"https:\/\/www.facebook.com\/bea.povignac","article_modified_time":"2024-04-17T15:30:12+00:00","og_image":[{"url":"https:\/\/drbea.rs\/wp-content\/uploads\/2020\/09\/Znak-dr-Bea-vektori-289x300.png","type":"","width":"","height":""}],"schema":{"@context":"https:\/\/schema.org","@graph":[{"@type":"WebPage","@id":"https:\/\/drbea.rs\/kontakt\/","url":"https:\/\/drbea.rs\/kontakt\/","name":"KONTAKT | Dr Bea Esthetique","isPartOf":{"@id":"https:\/\/drbea.rs\/sr\/#website"},"primaryImageOfPage":{"@id":"https:\/\/drbea.rs\/kontakt\/#primaryimage"},"image":{"@id":"https:\/\/drbea.rs\/kontakt\/#primaryimage"},"thumbnailUrl":"https:\/\/drbea.rs\/wp-content\/uploads\/2022\/07\/cropped-favicon-150x150.png","datePublished":"2020-01-21T14:36:20+00:00","dateModified":"2024-04-17T15:30:12+00:00","description":"Pre bilo koje estetske procedure neophodno je da do\u0111ete na konsultacijekako bismo kroz razgovor na\u0161li najbolje re\u0161enje ba\u0161 za Vas.","breadcrumb":{"@id":"https:\/\/drbea.rs\/kontakt\/#breadcrumb"},"inLanguage":"en-US","potentialAction":[{"@type":"ReadAction","target":["https:\/\/drbea.rs\/kontakt\/"]}]},{"@type":"ImageObject","inLanguage":"en-US","@id":"https:\/\/drbea.rs\/kontakt\/#primaryimage","url":"https:\/\/drbea.rs\/wp-content\/uploads\/2022\/07\/cropped-favicon-150x150.png","contentUrl":"https:\/\/drbea.rs\/wp-content\/uploads\/2022\/07\/cropped-favicon-150x150.png"},{"@type":"BreadcrumbList","@id":"https:\/\/drbea.rs\/kontakt\/#breadcrumb","itemListElement":[{"@type":"ListItem","position":1,"name":"Home","item":"https:\/\/drbea.rs\/sr\/"},{"@type":"ListItem","position":2,"name":"KONTAKT"}]},{"@type":"WebSite","@id":"https:\/\/drbea.rs\/sr\/#website","url":"https:\/\/drbea.rs\/sr\/","name":"Dr Bea Esthetique","description":"ANTI-AGING MEDICINA","publisher":{"@id":"https:\/\/drbea.rs\/sr\/#organization"},"alternateName":"Dr Bea","potentialAction":[{"@type":"SearchAction","target":{"@type":"EntryPoint","urlTemplate":"https:\/\/drbea.rs\/sr\/?s={search_term_string}"},"query-input":{"@type":"PropertyValueSpecification","valueRequired":true,"valueName":"search_term_string"}}],"inLanguage":"en-US"},{"@type":"Organization","@id":"https:\/\/drbea.rs\/sr\/#organization","name":"Dr Bea Esth\u00e9tique","alternateName":"Dr Bea","url":"https:\/\/drbea.rs\/sr\/","logo":{"@type":"ImageObject","inLanguage":"en-US","@id":"https:\/\/drbea.rs\/sr\/#\/schema\/logo\/image\/","url":"https:\/\/drbea.rs\/wp-content\/uploads\/2020\/09\/Logo.png","contentUrl":"https:\/\/drbea.rs\/wp-content\/uploads\/2020\/09\/Logo.png","width":1960,"height":895,"caption":"Dr Bea Esth\u00e9tique"},"image":{"@id":"https:\/\/drbea.rs\/sr\/#\/schema\/logo\/image\/"},"sameAs":["https:\/\/www.facebook.com\/bea.povignac","https:\/\/www.instagram.com\/drbeapovignac\/","https:\/\/www.youtube.com\/@beapovignac5456"]}]}},"_links":{"self":[{"href":"https:\/\/drbea.rs\/en\/wp-json\/wp\/v2\/pages\/9437","targetHints":{"allow":["GET"]}}],"collection":[{"href":"https:\/\/drbea.rs\/en\/wp-json\/wp\/v2\/pages"}],"about":[{"href":"https:\/\/drbea.rs\/en\/wp-json\/wp\/v2\/types\/page"}],"author":[{"embeddable":true,"href":"https:\/\/drbea.rs\/en\/wp-json\/wp\/v2\/users\/1"}],"replies":[{"embeddable":true,"href":"https:\/\/drbea.rs\/en\/wp-json\/wp\/v2\/comments?post=9437"}],"version-history":[{"count":10,"href":"https:\/\/drbea.rs\/en\/wp-json\/wp\/v2\/pages\/9437\/revisions"}],"predecessor-version":[{"id":10915,"href":"https:\/\/drbea.rs\/en\/wp-json\/wp\/v2\/pages\/9437\/revisions\/10915"}],"wp:attachment":[{"href":"https:\/\/drbea.rs\/en\/wp-json\/wp\/v2\/media?parent=9437"}],"curies":[{"name":"wp","href":"https:\/\/api.w.org\/{rel}","templated":true}]}}