{"id":4443,"date":"2022-08-14T18:40:52","date_gmt":"2022-08-14T18:40:52","guid":{"rendered":"https:\/\/drbeaaesthetics.rs\/?page_id=4443"},"modified":"2023-08-27T20:26:46","modified_gmt":"2023-08-27T20:26:46","slug":"ballancer-pro","status":"publish","type":"page","link":"https:\/\/drbea.rs\/en\/ballancer-pro\/","title":{"rendered":"Ballancer Pro"},"content":{"rendered":"\t\t<div data-elementor-type=\"wp-page\" data-elementor-id=\"4443\" class=\"elementor elementor-4443\">\n\t\t\t\t\t\t<section class=\"elementor-section elementor-top-section elementor-element elementor-element-37d6615b elementor-section-boxed elementor-section-height-default elementor-section-height-default\" data-id=\"37d6615b\" data-element_type=\"section\">\n\t\t\t\t\t\t<div class=\"elementor-container elementor-column-gap-default\">\n\t\t\t\t\t<div class=\"elementor-column elementor-col-100 elementor-top-column elementor-element elementor-element-3a30fbb8\" data-id=\"3a30fbb8\" data-element_type=\"column\">\n\t\t\t<div class=\"elementor-widget-wrap elementor-element-populated\">\n\t\t\t\t\t\t<div class=\"elementor-element elementor-element-773cbed7 elementor-widget elementor-widget-heading\" data-id=\"773cbed7\" data-element_type=\"widget\" data-widget_type=\"heading.default\">\n\t\t\t\t<div class=\"elementor-widget-container\">\n\t\t\t\t\t<h2 class=\"elementor-heading-title elementor-size-default\">BALLANCER PRO<\/h2>\t\t\t\t<\/div>\n\t\t\t\t<\/div>\n\t\t\t\t\t<\/div>\n\t\t<\/div>\n\t\t\t\t\t<\/div>\n\t\t<\/section>\n\t\t\t\t<section class=\"elementor-section elementor-top-section elementor-element elementor-element-1f0af81 elementor-section-boxed elementor-section-height-default elementor-section-height-default\" data-id=\"1f0af81\" data-element_type=\"section\">\n\t\t\t\t\t\t<div class=\"elementor-container elementor-column-gap-default\">\n\t\t\t\t\t<div class=\"elementor-column elementor-col-100 elementor-top-column elementor-element elementor-element-a754f05\" data-id=\"a754f05\" data-element_type=\"column\">\n\t\t\t<div class=\"elementor-widget-wrap elementor-element-populated\">\n\t\t\t\t\t\t<div class=\"elementor-element elementor-element-2ce8aa8e elementor-widget elementor-widget-text-editor\" data-id=\"2ce8aa8e\" data-element_type=\"widget\" data-widget_type=\"text-editor.default\">\n\t\t\t\t<div class=\"elementor-widget-container\">\n\t\t\t\t\t\t\t\t\t<p>Ballancer is an innovative device that performs PRESSOTHERAPY, also known as mechanical lymphatic drainage.<\/p>\t\t\t\t\t\t\t\t<\/div>\n\t\t\t\t<\/div>\n\t\t\t\t\t<\/div>\n\t\t<\/div>\n\t\t\t\t\t<\/div>\n\t\t<\/section>\n\t\t\t\t<section class=\"elementor-section elementor-top-section elementor-element elementor-element-4afd1065 bea-about-us elementor-section-boxed elementor-section-height-default elementor-section-height-default\" data-id=\"4afd1065\" data-element_type=\"section\" data-settings=\"{&quot;background_background&quot;:&quot;classic&quot;}\">\n\t\t\t\t\t\t<div class=\"elementor-container elementor-column-gap-default\">\n\t\t\t\t\t<div class=\"elementor-column elementor-col-50 elementor-top-column elementor-element elementor-element-1aa83806 bea-inner-1024\" data-id=\"1aa83806\" data-element_type=\"column\">\n\t\t\t<div class=\"elementor-widget-wrap elementor-element-populated\">\n\t\t\t\t\t\t<div class=\"elementor-element elementor-element-57c7b2c1 elementor-widget elementor-widget-text-editor\" data-id=\"57c7b2c1\" data-element_type=\"widget\" data-widget_type=\"text-editor.default\">\n\t\t\t\t<div class=\"elementor-widget-container\">\n\t\t\t\t\t\t\t\t\t<p>The lymphatic system consists of lymph that gradually flows from lymphatic capillaries through lymphatic vessels to lymph nodes, where the body fights various infections. White blood cells, which form the basis of the body&#8217;s immune reactions, are produced in lymphatic organs and lymph nodes. Unlike the circulatory system, this system lacks a &#8220;motor,&#8221; &#8220;pump,&#8221; or &#8220;drive&#8221;; it is activated solely by muscle activity, breathing, and negative pressure. Due to modern sedentary lifestyles, the lymphatic system can become compromised and function improperly.<\/p><p>Lymphatic drainage is a procedure aimed at restoring the lymphatic system&#8217;s condition and enhancing its functionality. Ballancer is a device in the form of a specialized suit (pants) that includes a system of special chambers gradually filled with air, depending on the measured pressure in each individual chamber and responding accordingly.<\/p>\t\t\t\t\t\t\t\t<\/div>\n\t\t\t\t<\/div>\n\t\t\t\t\t<\/div>\n\t\t<\/div>\n\t\t\t\t<div class=\"elementor-column elementor-col-50 elementor-top-column elementor-element elementor-element-385e747b bea-inner-1024\" data-id=\"385e747b\" data-element_type=\"column\">\n\t\t\t<div class=\"elementor-widget-wrap elementor-element-populated\">\n\t\t\t\t\t\t<div class=\"elementor-element elementor-element-3a4f80f8 elementor-widget elementor-widget-image\" data-id=\"3a4f80f8\" data-element_type=\"widget\" data-widget_type=\"image.default\">\n\t\t\t\t<div class=\"elementor-widget-container\">\n\t\t\t\t\t\t\t\t\t\t\t\t\t\t\t<img fetchpriority=\"high\" decoding=\"async\" width=\"1500\" height=\"1000\" src=\"https:\/\/drbea.rs\/wp-content\/uploads\/2022\/09\/STR0272-Final-1500x1000px.jpg\" class=\"attachment-full size-full wp-image-5495\" alt=\"\" srcset=\"https:\/\/drbea.rs\/wp-content\/uploads\/2022\/09\/STR0272-Final-1500x1000px.jpg 1500w, https:\/\/drbea.rs\/wp-content\/uploads\/2022\/09\/STR0272-Final-1500x1000px-300x200.jpg 300w, https:\/\/drbea.rs\/wp-content\/uploads\/2022\/09\/STR0272-Final-1500x1000px-1024x683.jpg 1024w, https:\/\/drbea.rs\/wp-content\/uploads\/2022\/09\/STR0272-Final-1500x1000px-768x512.jpg 768w, https:\/\/drbea.rs\/wp-content\/uploads\/2022\/09\/STR0272-Final-1500x1000px-480x320.jpg 480w\" sizes=\"(max-width: 1500px) 100vw, 1500px\" title=\"_STR0272-Final 1500x1000px\" \/>\t\t\t\t\t\t\t\t\t\t\t\t\t\t\t<\/div>\n\t\t\t\t<\/div>\n\t\t\t\t\t<\/div>\n\t\t<\/div>\n\t\t\t\t\t<\/div>\n\t\t<\/section>\n\t\t\t\t<section class=\"elementor-section elementor-top-section elementor-element elementor-element-37c63007 elementor-section-boxed elementor-section-height-default elementor-section-height-default\" data-id=\"37c63007\" data-element_type=\"section\" data-settings=\"{&quot;background_background&quot;:&quot;classic&quot;}\">\n\t\t\t\t\t\t<div class=\"elementor-container elementor-column-gap-default\">\n\t\t\t\t\t<div class=\"elementor-column elementor-col-100 elementor-top-column elementor-element elementor-element-5babcfc0\" data-id=\"5babcfc0\" data-element_type=\"column\">\n\t\t\t<div class=\"elementor-widget-wrap elementor-element-populated\">\n\t\t\t\t\t\t<div class=\"elementor-element elementor-element-1ffecbb7 elementor-widget elementor-widget-heading\" data-id=\"1ffecbb7\" data-element_type=\"widget\" data-widget_type=\"heading.default\">\n\t\t\t\t<div class=\"elementor-widget-container\">\n\t\t\t\t\t<h2 class=\"elementor-heading-title elementor-size-default\">Who is lymphatic drainage recommended for?<\/h2>\t\t\t\t<\/div>\n\t\t\t\t<\/div>\n\t\t\t\t\t<\/div>\n\t\t<\/div>\n\t\t\t\t\t<\/div>\n\t\t<\/section>\n\t\t\t\t<section class=\"elementor-section elementor-top-section elementor-element elementor-element-7a43a9ab elementor-section-boxed elementor-section-height-default elementor-section-height-default\" data-id=\"7a43a9ab\" data-element_type=\"section\" data-settings=\"{&quot;background_background&quot;:&quot;classic&quot;}\">\n\t\t\t\t\t\t<div class=\"elementor-container elementor-column-gap-default\">\n\t\t\t\t\t<div class=\"elementor-column elementor-col-50 elementor-top-column elementor-element elementor-element-4e084a08\" data-id=\"4e084a08\" data-element_type=\"column\">\n\t\t\t<div class=\"elementor-widget-wrap elementor-element-populated\">\n\t\t\t\t\t\t<div class=\"elementor-element elementor-element-1c3bba08 elementor-widget elementor-widget-text-editor\" data-id=\"1c3bba08\" data-element_type=\"widget\" data-widget_type=\"text-editor.default\">\n\t\t\t\t<div class=\"elementor-widget-container\">\n\t\t\t\t\t\t\t\t\t<p>&#8211; In the treatment of lymphedema and limb swelling<\/p><p>&#8211; For individuals who sit or stand for long periods at work (feeling of heaviness and fatigue in the legs)<\/p><p>&#8211; Post liposuction therapy and other aesthetic surgery methods<\/p><p>&#8211; Basic therapy in all weight loss methods<\/p><p>&#8211; For body shaping and obesity prevention<\/p><p>&#8211; Prevention and slowing down the signs of aging skin<\/p>\t\t\t\t\t\t\t\t<\/div>\n\t\t\t\t<\/div>\n\t\t\t\t\t<\/div>\n\t\t<\/div>\n\t\t\t\t<div class=\"elementor-column elementor-col-50 elementor-top-column elementor-element elementor-element-39471046\" data-id=\"39471046\" data-element_type=\"column\">\n\t\t\t<div class=\"elementor-widget-wrap elementor-element-populated\">\n\t\t\t\t\t\t<div class=\"elementor-element elementor-element-1b1bdef3 elementor-widget elementor-widget-text-editor\" data-id=\"1b1bdef3\" data-element_type=\"widget\" data-widget_type=\"text-editor.default\">\n\t\t\t\t<div class=\"elementor-widget-container\">\n\t\t\t\t\t\t\t\t\t<p>&#8211; Prevention and removal of both edematous and fibromatous forms of cellulite<br \/><br \/>&#8211; Strengthening the body&#8217;s immunity<br \/><br \/>&#8211; Prevention of migraines and headaches<br \/><br \/>&#8211; In sports medicine (faster elimination of lactic acid from muscles)<br \/><br \/>&#8211; Recommended for anyone looking to relax and do something good for their health<\/p>\t\t\t\t\t\t\t\t<\/div>\n\t\t\t\t<\/div>\n\t\t\t\t\t<\/div>\n\t\t<\/div>\n\t\t\t\t\t<\/div>\n\t\t<\/section>\n\t\t\t\t<section class=\"elementor-section elementor-top-section elementor-element elementor-element-422859a9 elementor-section-boxed elementor-section-height-default elementor-section-height-default\" data-id=\"422859a9\" data-element_type=\"section\">\n\t\t\t\t\t\t<div class=\"elementor-container elementor-column-gap-default\">\n\t\t\t\t\t<div class=\"elementor-column elementor-col-100 elementor-top-column elementor-element elementor-element-35536cd\" data-id=\"35536cd\" data-element_type=\"column\">\n\t\t\t<div class=\"elementor-widget-wrap elementor-element-populated\">\n\t\t\t\t\t\t<div class=\"elementor-element elementor-element-5b47c657 elementor-widget elementor-widget-heading\" data-id=\"5b47c657\" data-element_type=\"widget\" data-widget_type=\"heading.default\">\n\t\t\t\t<div class=\"elementor-widget-container\">\n\t\t\t\t\t<h2 class=\"elementor-heading-title elementor-size-default\">LLLT - Low-Level Light Therapy - PHOTOBIO MODULATION<\/h2>\t\t\t\t<\/div>\n\t\t\t\t<\/div>\n\t\t\t\t<div class=\"elementor-element elementor-element-50e42522 elementor-widget elementor-widget-text-editor\" data-id=\"50e42522\" data-element_type=\"widget\" data-widget_type=\"text-editor.default\">\n\t\t\t\t<div class=\"elementor-widget-container\">\n\t\t\t\t\t\t\t\t\t<p style=\"text-align: center;\">This is a type of phototherapy that involves light rather than heat radiation.<\/p><p style=\"text-align: center;\">In recent years, photorejuvenation has been increasingly used for anti-aging and wrinkle removal. On the other hand, LLLT is used in the treatment of inflammatory acne. This device has different wavelengths: red (649nm), blue (423nm), green (532nm), and yellow (583nm).<\/p>\t\t\t\t\t\t\t\t<\/div>\n\t\t\t\t<\/div>\n\t\t\t\t\t<\/div>\n\t\t<\/div>\n\t\t\t\t\t<\/div>\n\t\t<\/section>\n\t\t\t\t<section class=\"elementor-section elementor-top-section elementor-element elementor-element-53c896e3 bea-about-us elementor-section-boxed elementor-section-height-default elementor-section-height-default\" data-id=\"53c896e3\" data-element_type=\"section\" data-settings=\"{&quot;background_background&quot;:&quot;classic&quot;}\">\n\t\t\t\t\t\t<div class=\"elementor-container elementor-column-gap-default\">\n\t\t\t\t\t<div class=\"elementor-column elementor-col-50 elementor-top-column elementor-element elementor-element-3da84196 bea-inner-1024\" data-id=\"3da84196\" data-element_type=\"column\">\n\t\t\t<div class=\"elementor-widget-wrap elementor-element-populated\">\n\t\t\t\t\t\t<div class=\"elementor-element elementor-element-24805dec elementor-widget elementor-widget-text-editor\" data-id=\"24805dec\" data-element_type=\"widget\" data-widget_type=\"text-editor.default\">\n\t\t\t\t<div class=\"elementor-widget-container\">\n\t\t\t\t\t\t\t\t\t<p>With LLLT treatment, the following effects can be achieved:<\/p><p>&#8211; Improves circulation and reduces wrinkles<br \/>&#8211; Stimulates skin regeneration<br \/>&#8211; Destroys active bacteria<br \/>&#8211; Inhibits sebaceous gland function<br \/>&#8211; Calms and heals acne and other skin wounds<br \/>&#8211; Improves sensitive skin quality<br \/>&#8211; Stops hyperpigmentation<br \/>&#8211; Reduces redness and erythema<br \/>&#8211; Calms the skin during early stages of Herpes zoster infection<br \/>&#8211; Has a soothing effect<br \/>&#8211; Relaxes the mind and body<\/p>\t\t\t\t\t\t\t\t<\/div>\n\t\t\t\t<\/div>\n\t\t\t\t\t<\/div>\n\t\t<\/div>\n\t\t\t\t<div class=\"elementor-column elementor-col-50 elementor-top-column elementor-element elementor-element-5c0f7db bea-inner-1024\" data-id=\"5c0f7db\" data-element_type=\"column\">\n\t\t\t<div class=\"elementor-widget-wrap elementor-element-populated\">\n\t\t\t\t\t\t<div class=\"elementor-element elementor-element-514fc657 elementor-widget elementor-widget-image\" data-id=\"514fc657\" data-element_type=\"widget\" data-widget_type=\"image.default\">\n\t\t\t\t<div class=\"elementor-widget-container\">\n\t\t\t\t\t\t\t\t\t\t\t\t\t\t\t<img decoding=\"async\" width=\"940\" height=\"627\" src=\"https:\/\/drbea.rs\/wp-content\/uploads\/2022\/07\/STR0284-Final-1500-x1000px-web-1024x683.jpg\" class=\"attachment-large size-large wp-image-4002\" alt=\"Dr Bea Geno Led\" srcset=\"https:\/\/drbea.rs\/wp-content\/uploads\/2022\/07\/STR0284-Final-1500-x1000px-web-1024x683.jpg 1024w, https:\/\/drbea.rs\/wp-content\/uploads\/2022\/07\/STR0284-Final-1500-x1000px-web-300x200.jpg 300w, https:\/\/drbea.rs\/wp-content\/uploads\/2022\/07\/STR0284-Final-1500-x1000px-web-768x512.jpg 768w, https:\/\/drbea.rs\/wp-content\/uploads\/2022\/07\/STR0284-Final-1500-x1000px-web-480x320.jpg 480w, https:\/\/drbea.rs\/wp-content\/uploads\/2022\/07\/STR0284-Final-1500-x1000px-web.jpg 1500w\" sizes=\"(max-width: 940px) 100vw, 940px\" title=\"Dr Bea Geno Led\" \/>\t\t\t\t\t\t\t\t\t\t\t\t\t\t\t<\/div>\n\t\t\t\t<\/div>\n\t\t\t\t\t<\/div>\n\t\t<\/div>\n\t\t\t\t\t<\/div>\n\t\t<\/section>\n\t\t\t\t<section class=\"elementor-section elementor-top-section elementor-element elementor-element-858b00f elementor-section-boxed elementor-section-height-default elementor-section-height-default\" data-id=\"858b00f\" data-element_type=\"section\" data-settings=\"{&quot;background_background&quot;:&quot;classic&quot;}\">\n\t\t\t\t\t\t<div class=\"elementor-container elementor-column-gap-default\">\n\t\t\t\t\t<div class=\"elementor-column elementor-col-100 elementor-top-column elementor-element elementor-element-2eb3ac2b\" data-id=\"2eb3ac2b\" data-element_type=\"column\">\n\t\t\t<div class=\"elementor-widget-wrap elementor-element-populated\">\n\t\t\t\t\t\t<div class=\"elementor-element elementor-element-6ba59a6 elementor-widget elementor-widget-heading\" data-id=\"6ba59a6\" data-element_type=\"widget\" data-widget_type=\"heading.default\">\n\t\t\t\t<div class=\"elementor-widget-container\">\n\t\t\t\t\t<h2 class=\"elementor-heading-title elementor-size-default\">Frequently Asked Questions<\/h2>\t\t\t\t<\/div>\n\t\t\t\t<\/div>\n\t\t\t\t<div class=\"elementor-element elementor-element-d09f0bd elementor-widget elementor-widget-gt3-core-accordion\" data-id=\"d09f0bd\" data-element_type=\"widget\" data-widget_type=\"gt3-core-accordion.default\">\n\t\t\t\t<div class=\"elementor-widget-container\">\n\t\t\t\t\t\t<div class=\"accordion_wrapper\" data-settings=\"{&quot;collapsible&quot;:false,&quot;active&quot;:0}\">\r\n\t<div class=\"item_title\">I&#039;m pregnant and experiencing severe leg swelling. Can I undergo PRESSOTHERAPY with BALLANCER?<\/div><div class=\"item_content\"><p>Certainly. There's a special program recommended for pregnant women that alleviates the issue of swollen and heavy legs.<\/p><\/div><div class=\"item_title\">How long does a session of mechanical lymphatic drainage treatment takes?<\/div><div class=\"item_content\"><p>Depending on indications and your preferences, we offer programs ranging from 30 minutes to an hour.<\/p><\/div><div class=\"item_title\">How many PRESSOTHERAPY sessions do you recommend?<\/div><div class=\"item_content\"><p>To achieve improvement and visible results, we suggest 10 consecutive treatments spaced 2 to 3 days apart. After that, you can maintain the achieved results as needed.<\/p><\/div><\/div><script type=\"application\/json\" id=\"settings--d09f0bd\">{\"collapsible\":false,\"active\":0}<\/script>\t\t\t\t<\/div>\n\t\t\t\t<\/div>\n\t\t\t\t\t<\/div>\n\t\t<\/div>\n\t\t\t\t\t<\/div>\n\t\t<\/section>\n\t\t\t\t<\/div>\n\t\t","protected":false},"excerpt":{"rendered":"<p>BALLANCER PRO Ballancer is an innovative device that performs PRESSOTHERAPY, also known as mechanical lymphatic drainage. The lymphatic system consists of lymph that gradually flows from lymphatic capillaries through lymphatic vessels to lymph nodes, where the body fights various infections. White blood cells, which form the basis of the body&#8217;s immune reactions, are produced in [&hellip;]<\/p>\n","protected":false},"author":1,"featured_media":0,"parent":0,"menu_order":0,"comment_status":"closed","ping_status":"closed","template":"","meta":{"footnotes":""},"class_list":["post-4443","page","type-page","status-publish","hentry"],"yoast_head":"<!-- This site is optimized with the Yoast SEO plugin v26.9 - https:\/\/yoast.com\/product\/yoast-seo-wordpress\/ -->\n<title>Ballancer Pro | Dr Bea Esthetique<\/title>\n<meta name=\"description\" content=\"Dr Bea Esth\u00e9tique - Ballancer Pro je inovativni aparat koji obavlja PRESOTERAPIJU odnosno ma\u0161insku limfnu drena\u017eu.\" \/>\n<meta name=\"robots\" content=\"index, follow, max-snippet:-1, max-image-preview:large, max-video-preview:-1\" \/>\n<link rel=\"canonical\" href=\"https:\/\/drbea.rs\/en\/ballancer-pro\/\" \/>\n<meta property=\"og:locale\" content=\"en_US\" \/>\n<meta property=\"og:type\" content=\"article\" \/>\n<meta property=\"og:title\" content=\"Dr Bea Esth\u00e9tique - Ballancer Pro\" \/>\n<meta property=\"og:description\" content=\"Ballancer je inovativni aparat koji obavlja PRESOTERAPIJU odnosno ma\u0161insku limfnu drena\u017eu.\" \/>\n<meta property=\"og:url\" content=\"https:\/\/drbea.rs\/en\/ballancer-pro\/\" \/>\n<meta property=\"og:site_name\" content=\"Dr Bea Esthetique\" \/>\n<meta property=\"article:publisher\" content=\"https:\/\/www.facebook.com\/bea.povignac\" \/>\n<meta property=\"article:modified_time\" content=\"2023-08-27T20:26:46+00:00\" \/>\n<meta property=\"og:image\" content=\"https:\/\/drbea.rs\/wp-content\/uploads\/2022\/09\/STR0272-Final-1500x1000px.jpg\" \/>\n\t<meta property=\"og:image:width\" content=\"1500\" \/>\n\t<meta property=\"og:image:height\" content=\"1000\" \/>\n\t<meta property=\"og:image:type\" content=\"image\/jpeg\" \/>\n<meta name=\"twitter:label1\" content=\"Est. reading time\" \/>\n\t<meta name=\"twitter:data1\" content=\"1 minute\" \/>\n<script type=\"application\/ld+json\" class=\"yoast-schema-graph\">{\"@context\":\"https:\/\/schema.org\",\"@graph\":[{\"@type\":\"WebPage\",\"@id\":\"https:\/\/drbea.rs\/ballancer-pro\/\",\"url\":\"https:\/\/drbea.rs\/ballancer-pro\/\",\"name\":\"Ballancer Pro | Dr Bea Esthetique\",\"isPartOf\":{\"@id\":\"https:\/\/drbea.rs\/sr\/#website\"},\"primaryImageOfPage\":{\"@id\":\"https:\/\/drbea.rs\/ballancer-pro\/#primaryimage\"},\"image\":{\"@id\":\"https:\/\/drbea.rs\/ballancer-pro\/#primaryimage\"},\"thumbnailUrl\":\"https:\/\/drbea.rs\/wp-content\/uploads\/2022\/09\/STR0272-Final-1500x1000px.jpg\",\"datePublished\":\"2022-08-14T18:40:52+00:00\",\"dateModified\":\"2023-08-27T20:26:46+00:00\",\"description\":\"Dr Bea Esth\u00e9tique - Ballancer Pro je inovativni aparat koji obavlja PRESOTERAPIJU odnosno ma\u0161insku limfnu drena\u017eu.\",\"breadcrumb\":{\"@id\":\"https:\/\/drbea.rs\/ballancer-pro\/#breadcrumb\"},\"inLanguage\":\"en-US\",\"potentialAction\":[{\"@type\":\"ReadAction\",\"target\":[\"https:\/\/drbea.rs\/ballancer-pro\/\"]}]},{\"@type\":\"ImageObject\",\"inLanguage\":\"en-US\",\"@id\":\"https:\/\/drbea.rs\/ballancer-pro\/#primaryimage\",\"url\":\"https:\/\/drbea.rs\/wp-content\/uploads\/2022\/09\/STR0272-Final-1500x1000px.jpg\",\"contentUrl\":\"https:\/\/drbea.rs\/wp-content\/uploads\/2022\/09\/STR0272-Final-1500x1000px.jpg\"},{\"@type\":\"BreadcrumbList\",\"@id\":\"https:\/\/drbea.rs\/ballancer-pro\/#breadcrumb\",\"itemListElement\":[{\"@type\":\"ListItem\",\"position\":1,\"name\":\"Home\",\"item\":\"https:\/\/drbea.rs\/sr\/\"},{\"@type\":\"ListItem\",\"position\":2,\"name\":\"Ballancer Pro\"}]},{\"@type\":\"WebSite\",\"@id\":\"https:\/\/drbea.rs\/sr\/#website\",\"url\":\"https:\/\/drbea.rs\/sr\/\",\"name\":\"Dr Bea Esthetique\",\"description\":\"ANTI-AGING MEDICINA\",\"publisher\":{\"@id\":\"https:\/\/drbea.rs\/sr\/#organization\"},\"alternateName\":\"Dr Bea\",\"potentialAction\":[{\"@type\":\"SearchAction\",\"target\":{\"@type\":\"EntryPoint\",\"urlTemplate\":\"https:\/\/drbea.rs\/sr\/?s={search_term_string}\"},\"query-input\":{\"@type\":\"PropertyValueSpecification\",\"valueRequired\":true,\"valueName\":\"search_term_string\"}}],\"inLanguage\":\"en-US\"},{\"@type\":\"Organization\",\"@id\":\"https:\/\/drbea.rs\/sr\/#organization\",\"name\":\"Dr Bea Esth\u00e9tique\",\"alternateName\":\"Dr Bea\",\"url\":\"https:\/\/drbea.rs\/sr\/\",\"logo\":{\"@type\":\"ImageObject\",\"inLanguage\":\"en-US\",\"@id\":\"https:\/\/drbea.rs\/sr\/#\/schema\/logo\/image\/\",\"url\":\"https:\/\/drbea.rs\/wp-content\/uploads\/2020\/09\/Logo.png\",\"contentUrl\":\"https:\/\/drbea.rs\/wp-content\/uploads\/2020\/09\/Logo.png\",\"width\":1960,\"height\":895,\"caption\":\"Dr Bea Esth\u00e9tique\"},\"image\":{\"@id\":\"https:\/\/drbea.rs\/sr\/#\/schema\/logo\/image\/\"},\"sameAs\":[\"https:\/\/www.facebook.com\/bea.povignac\",\"https:\/\/www.instagram.com\/drbeapovignac\/\",\"https:\/\/www.youtube.com\/@beapovignac5456\"]}]}<\/script>\n<!-- \/ Yoast SEO plugin. -->","yoast_head_json":{"title":"Ballancer Pro | Dr Bea Esthetique","description":"Dr Bea Esth\u00e9tique - Ballancer Pro je inovativni aparat koji obavlja PRESOTERAPIJU odnosno ma\u0161insku limfnu drena\u017eu.","robots":{"index":"index","follow":"follow","max-snippet":"max-snippet:-1","max-image-preview":"max-image-preview:large","max-video-preview":"max-video-preview:-1"},"canonical":"https:\/\/drbea.rs\/en\/ballancer-pro\/","og_locale":"en_US","og_type":"article","og_title":"Dr Bea Esth\u00e9tique - Ballancer Pro","og_description":"Ballancer je inovativni aparat koji obavlja PRESOTERAPIJU odnosno ma\u0161insku limfnu drena\u017eu.","og_url":"https:\/\/drbea.rs\/en\/ballancer-pro\/","og_site_name":"Dr Bea Esthetique","article_publisher":"https:\/\/www.facebook.com\/bea.povignac","article_modified_time":"2023-08-27T20:26:46+00:00","og_image":[{"width":1500,"height":1000,"url":"https:\/\/drbea.rs\/wp-content\/uploads\/2022\/09\/STR0272-Final-1500x1000px.jpg","type":"image\/jpeg"}],"twitter_misc":{"Est. reading time":"1 minute"},"schema":{"@context":"https:\/\/schema.org","@graph":[{"@type":"WebPage","@id":"https:\/\/drbea.rs\/ballancer-pro\/","url":"https:\/\/drbea.rs\/ballancer-pro\/","name":"Ballancer Pro | Dr Bea Esthetique","isPartOf":{"@id":"https:\/\/drbea.rs\/sr\/#website"},"primaryImageOfPage":{"@id":"https:\/\/drbea.rs\/ballancer-pro\/#primaryimage"},"image":{"@id":"https:\/\/drbea.rs\/ballancer-pro\/#primaryimage"},"thumbnailUrl":"https:\/\/drbea.rs\/wp-content\/uploads\/2022\/09\/STR0272-Final-1500x1000px.jpg","datePublished":"2022-08-14T18:40:52+00:00","dateModified":"2023-08-27T20:26:46+00:00","description":"Dr Bea Esth\u00e9tique - Ballancer Pro je inovativni aparat koji obavlja PRESOTERAPIJU odnosno ma\u0161insku limfnu drena\u017eu.","breadcrumb":{"@id":"https:\/\/drbea.rs\/ballancer-pro\/#breadcrumb"},"inLanguage":"en-US","potentialAction":[{"@type":"ReadAction","target":["https:\/\/drbea.rs\/ballancer-pro\/"]}]},{"@type":"ImageObject","inLanguage":"en-US","@id":"https:\/\/drbea.rs\/ballancer-pro\/#primaryimage","url":"https:\/\/drbea.rs\/wp-content\/uploads\/2022\/09\/STR0272-Final-1500x1000px.jpg","contentUrl":"https:\/\/drbea.rs\/wp-content\/uploads\/2022\/09\/STR0272-Final-1500x1000px.jpg"},{"@type":"BreadcrumbList","@id":"https:\/\/drbea.rs\/ballancer-pro\/#breadcrumb","itemListElement":[{"@type":"ListItem","position":1,"name":"Home","item":"https:\/\/drbea.rs\/sr\/"},{"@type":"ListItem","position":2,"name":"Ballancer Pro"}]},{"@type":"WebSite","@id":"https:\/\/drbea.rs\/sr\/#website","url":"https:\/\/drbea.rs\/sr\/","name":"Dr Bea Esthetique","description":"ANTI-AGING MEDICINA","publisher":{"@id":"https:\/\/drbea.rs\/sr\/#organization"},"alternateName":"Dr Bea","potentialAction":[{"@type":"SearchAction","target":{"@type":"EntryPoint","urlTemplate":"https:\/\/drbea.rs\/sr\/?s={search_term_string}"},"query-input":{"@type":"PropertyValueSpecification","valueRequired":true,"valueName":"search_term_string"}}],"inLanguage":"en-US"},{"@type":"Organization","@id":"https:\/\/drbea.rs\/sr\/#organization","name":"Dr Bea Esth\u00e9tique","alternateName":"Dr Bea","url":"https:\/\/drbea.rs\/sr\/","logo":{"@type":"ImageObject","inLanguage":"en-US","@id":"https:\/\/drbea.rs\/sr\/#\/schema\/logo\/image\/","url":"https:\/\/drbea.rs\/wp-content\/uploads\/2020\/09\/Logo.png","contentUrl":"https:\/\/drbea.rs\/wp-content\/uploads\/2020\/09\/Logo.png","width":1960,"height":895,"caption":"Dr Bea Esth\u00e9tique"},"image":{"@id":"https:\/\/drbea.rs\/sr\/#\/schema\/logo\/image\/"},"sameAs":["https:\/\/www.facebook.com\/bea.povignac","https:\/\/www.instagram.com\/drbeapovignac\/","https:\/\/www.youtube.com\/@beapovignac5456"]}]}},"_links":{"self":[{"href":"https:\/\/drbea.rs\/en\/wp-json\/wp\/v2\/pages\/4443","targetHints":{"allow":["GET"]}}],"collection":[{"href":"https:\/\/drbea.rs\/en\/wp-json\/wp\/v2\/pages"}],"about":[{"href":"https:\/\/drbea.rs\/en\/wp-json\/wp\/v2\/types\/page"}],"author":[{"embeddable":true,"href":"https:\/\/drbea.rs\/en\/wp-json\/wp\/v2\/users\/1"}],"replies":[{"embeddable":true,"href":"https:\/\/drbea.rs\/en\/wp-json\/wp\/v2\/comments?post=4443"}],"version-history":[{"count":0,"href":"https:\/\/drbea.rs\/en\/wp-json\/wp\/v2\/pages\/4443\/revisions"}],"wp:attachment":[{"href":"https:\/\/drbea.rs\/en\/wp-json\/wp\/v2\/media?parent=4443"}],"curies":[{"name":"wp","href":"https:\/\/api.w.org\/{rel}","templated":true}]}}